{"id":312,"date":"2025-04-27T14:39:32","date_gmt":"2025-04-27T14:39:32","guid":{"rendered":"http:\/\/www.yukseloto.net\/?page_id=312"},"modified":"2025-04-27T14:52:31","modified_gmt":"2025-04-27T14:52:31","slug":"iletisim-2","status":"publish","type":"page","link":"http:\/\/www.yukseloto.net\/index.php\/iletisim-2\/","title":{"rendered":"\u0130LET\u0130\u015e\u0130M"},"content":{"rendered":"\n\n\n<p><\/p>\n","protected":false},"excerpt":{"rendered":"","protected":false},"author":1,"featured_media":0,"parent":0,"menu_order":0,"comment_status":"closed","ping_status":"closed","template":"","meta":{"saved_in_kubio":false,"footnotes":""},"class_list":["post-312","page","type-page","status-publish","hentry"],"kubio_ai_page_context":{"short_desc":"","purpose":"general"},"_links":{"self":[{"href":"http:\/\/www.yukseloto.net\/index.php\/wp-json\/wp\/v2\/pages\/312","targetHints":{"allow":["GET"]}}],"collection":[{"href":"http:\/\/www.yukseloto.net\/index.php\/wp-json\/wp\/v2\/pages"}],"about":[{"href":"http:\/\/www.yukseloto.net\/index.php\/wp-json\/wp\/v2\/types\/page"}],"author":[{"embeddable":true,"href":"http:\/\/www.yukseloto.net\/index.php\/wp-json\/wp\/v2\/users\/1"}],"replies":[{"embeddable":true,"href":"http:\/\/www.yukseloto.net\/index.php\/wp-json\/wp\/v2\/comments?post=312"}],"version-history":[{"count":22,"href":"http:\/\/www.yukseloto.net\/index.php\/wp-json\/wp\/v2\/pages\/312\/revisions"}],"predecessor-version":[{"id":371,"href":"http:\/\/www.yukseloto.net\/index.php\/wp-json\/wp\/v2\/pages\/312\/revisions\/371"}],"wp:attachment":[{"href":"http:\/\/www.yukseloto.net\/index.php\/wp-json\/wp\/v2\/media?parent=312"}],"curies":[{"name":"wp","href":"https:\/\/api.w.org\/{rel}","templated":true}]}}